{"id":61,"date":"2020-10-06T18:22:30","date_gmt":"2020-10-06T18:22:30","guid":{"rendered":"https:\/\/peruvianshades.com\/?page_id=61"},"modified":"2020-12-14T22:22:53","modified_gmt":"2020-12-14T22:22:53","slug":"quienes-somos","status":"publish","type":"page","link":"https:\/\/peruvianshades.com\/en\/about-us\/","title":{"rendered":"About Us"},"content":{"rendered":"<div class=\"slider alignfull\">\n    <div class=\"grid-x grid-margin-x\">\n        <div class=\"cell\">\n                        <div class=\"slider\" data-slick='{\"slidesToShow\": 1, \"slidesToScroll\": 1}'>\n                                <div class=\"slider-slide\">\n                    <img decoding=\"async\" src=\"https:\/\/peruvianshades.com\/wp-content\/uploads\/2020\/10\/peruvian-shades-blog-viajero-como-visitar-machu-picchu.jpg\" alt=\"peruvian-shades-blog-viajero-como-visitar-machu-picchu\" \/>\n                <\/div>\n                                <div class=\"slider-slide\">\n                    <img decoding=\"async\" src=\"https:\/\/peruvianshades.com\/wp-content\/uploads\/2020\/10\/peruvian-shades-blog-viajero-viajar-playa-con-ninos.jpg\" alt=\"peruvian-shades-blog-viajero-viajar-playa-con-ninos\" \/>\n                <\/div>\n                                <div class=\"slider-slide\">\n                    <img decoding=\"async\" src=\"https:\/\/peruvianshades.com\/wp-content\/uploads\/2020\/10\/peruvian-shades-quienes-somos-paquetes-excursiones-5.jpg\" alt=\"peruvian-shades-quienes-somos-paquetes-excursiones-5\" \/>\n                <\/div>\n                                <div class=\"slider-slide\">\n                    <img decoding=\"async\" src=\"https:\/\/peruvianshades.com\/wp-content\/uploads\/2020\/10\/peruvian-shades-quienes-somos-paquetes-excursiones-4.jpg\" alt=\"peruvian-shades-quienes-somos-paquetes-excursiones-4\" \/>\n                <\/div>\n                            <\/div>\n                    <\/div>\n    <\/div>\n<\/div>\n\n\n<p><strong>\u00bfQui\u00e9nes somos?<\/strong><br>Somos un tour operador que ofrece servicios tur\u00edsticos dentro del territorio peruano desde el a\u00f1o 2011, compartiendo nuestra cultura e historia, y brindando experiencias inolvidables a nuestros pasajeros quienes se llevan un pedacito de nosotros a sus hogares. D\u00eda a d\u00eda trabajamos arduamente y creamos experiencias que logren cumplir y superar las expectativas de nuestros clientes, a trav\u00e9s de nuestra capacidad operativa y eficiencia transmitimos el amor por nuestra cultura y pa\u00eds.<\/p>\n\n\n\n<p><br><strong>\u00bfCu\u00e1l es nuestro prop\u00f3sito?<\/strong><br>Ser reconocidos como uno de los tour operadores de mayor confianza, compartiendo nuestra cultura y cuidando el legado de nuestra historia.<\/p>\n\n\n\n<p><br><strong>\u00bfPor qu\u00e9 elegirnos?<br><\/strong>Somos parte del Directorio Nacional de Prestadores de Servicios Tur\u00edsticos Calificados de Mincetur.<br>R\u00e1pida y segura forma de reservar y pagar los servicios seleccionados en nuestra plataforma.<br>Personal calificado a su servicio.<br>La experiencia, eficiencia y capacidad operativa nos lleva a tomar decisiones asertivas en los servicios que ofrecemos.<br>Nuestros servicios de plataforma est\u00e1n enfocados e inspirados en diversos perfiles de pasajeros, empatizamos y tratamos de llegar a ellos en cada servicio ofrecido.<br>Nuestra especialidad es el armado de paquetes tur\u00edsticos personalizados (sujeto a env\u00edo de solicitud\/cotizaci\u00f3n) para que tu experiencia sea \u00fanica y a tu gusto.<br>Nos preocupamos y trabajamos para que el bienestar de nuestros pasajeros sea satisfactorio durante su estad\u00eda en Per\u00fa.<br>El amor por nuestra cultura nos lleva a crear experiencias inolvidables, logrando superar las expectativas de nuestros pasajeros.<br>Todo nuestro personal de trabajo y colaboradores comparten nuestra cultura corporativa y pasi\u00f3n por el turismo.<br>24 horas operativos para atender cualquier duda, urgencia o emergencia que el pasajero pueda tener.<\/p>\n\n\n\n<p><br><strong>\u00bfQu\u00e9 valores nos representa?<br><\/strong>Como empresa nos identificamos con una gran cantidad de valores por lo que mencionaremos los que m\u00e1s resaltan en nuestras actividades diarias:<\/p>\n\n\n\n<ul class=\"wp-block-list\"><li>Puntualidad: Sabemos que el tiempo de nuestros pasajeros suele ser corto en nuestro pa\u00eds por lo que quiere conocer lo m\u00e1s que pueda durante su estancia, es por eso que siempre tratamos de estar antes de la hora pactada para recoger a cada pasajero y poder cumplir con el itinerario establecido sin contratiempos, sabemos que la puntualidad para muchos de los que nos visitan es muy importante, es por eso es una de nuestras m\u00e1s grandes prioridades.<\/li><li>Honestidad y transparencia: nuestros productos son servicios que solo podr\u00e1n ser consumidos al momento de realizar el tour, es por eso que toda la informaci\u00f3n brindada en nuestras reservas es veraz y transparente, y el pasajero podr\u00e1 estar seguro que se le brindar\u00e1 todo lo ofrecido, nuestro mayor respaldo son nuestros turistas que ya han tomado sus servicios con nosotros y las agencias minoristas con las que trabajamos.<\/li><li>Empat\u00eda: sabemos que estar en un pa\u00eds distinto al tuyo puede ser un poco dif\u00edcil y crear incertidumbre sobre su experiencia aqu\u00ed, es por eso que nuestro personal siempre est\u00e1 dispuesto a ayudar a cada uno de nuestros pasajeros y ponernos en su lugar para entender que es lo que quieren realizar y visitar.<\/li><li>Confianza: Mantenemos una constante comunicaci\u00f3n con los pasajeros antes del d\u00eda en que nos encontremos para llevarlos a realizar sus servicios, siempre les enviamos los comprobantes de pago v\u00e1lidos en Per\u00fa, adem\u00e1s de la copia electr\u00f3nica de sus tickets de transporte y de ingreso a los atractivos, con los c\u00f3digos generados por los propios proveedores y que pueden ser verificados por ellos mismos.<\/li><li>Integridad: contamos con que todo nuestro personal y proveedores acatar\u00e1n las normas vigentes y cumplir\u00e1n con todo lo solicitado por las leyes peruanas, sabemos que no aceptaran pagos fuera de los que reciben por su servicio para realizar actos il\u00edcitos y tratar\u00e1n a todos y cada uno de los pasajeros con respeto.<\/li><\/ul>\n\n\n\n<figure class=\"wp-block-image size-large\"><img loading=\"lazy\" decoding=\"async\" width=\"1024\" height=\"478\" src=\"https:\/\/peruvianshades.com\/wp-content\/uploads\/2020\/10\/peruvian-shades-quienes-somos-paquetes-excursiones-1-1024x478.jpg\" alt=\"\" class=\"wp-image-407\" srcset=\"https:\/\/peruvianshades.com\/wp-content\/uploads\/2020\/10\/peruvian-shades-quienes-somos-paquetes-excursiones-1-1024x478.jpg 1024w, https:\/\/peruvianshades.com\/wp-content\/uploads\/2020\/10\/peruvian-shades-quienes-somos-paquetes-excursiones-1-300x140.jpg 300w, https:\/\/peruvianshades.com\/wp-content\/uploads\/2020\/10\/peruvian-shades-quienes-somos-paquetes-excursiones-1-768x358.jpg 768w, https:\/\/peruvianshades.com\/wp-content\/uploads\/2020\/10\/peruvian-shades-quienes-somos-paquetes-excursiones-1.jpg 1500w\" sizes=\"auto, (max-width: 1024px) 100vw, 1024px\" \/><\/figure>\n\n\n\n<p><strong>PROPUESTA DE VALOR<\/strong><br>Nuestros servicios est\u00e1n pensados para ayudar a todos nuestros pasajeros a disfrutar de una experiencia segura, divertida e inolvidable, superando sus expectativas y llevando a cabo todos los protocolos de bioseguridad necesarios para su bienestar.<\/p>\n\n\n\n<div class=\"wp-block-columns is-layout-flex wp-container-core-columns-is-layout-9d6595d7 wp-block-columns-is-layout-flex\">\n<div class=\"wp-block-column is-layout-flow wp-block-column-is-layout-flow\">\n<figure class=\"wp-block-image size-large\"><img loading=\"lazy\" decoding=\"async\" width=\"1024\" height=\"478\" src=\"https:\/\/peruvianshades.com\/wp-content\/uploads\/2020\/10\/peruvian-shades-blog-viajero-viajar-playa-con-ninos-1024x478.jpg\" alt=\"\" class=\"wp-image-413\" srcset=\"https:\/\/peruvianshades.com\/wp-content\/uploads\/2020\/10\/peruvian-shades-blog-viajero-viajar-playa-con-ninos-1024x478.jpg 1024w, https:\/\/peruvianshades.com\/wp-content\/uploads\/2020\/10\/peruvian-shades-blog-viajero-viajar-playa-con-ninos-300x140.jpg 300w, https:\/\/peruvianshades.com\/wp-content\/uploads\/2020\/10\/peruvian-shades-blog-viajero-viajar-playa-con-ninos-768x358.jpg 768w, https:\/\/peruvianshades.com\/wp-content\/uploads\/2020\/10\/peruvian-shades-blog-viajero-viajar-playa-con-ninos.jpg 1500w\" sizes=\"auto, (max-width: 1024px) 100vw, 1024px\" \/><\/figure>\n<\/div>\n\n\n\n<div class=\"wp-block-column is-layout-flow wp-block-column-is-layout-flow\">\n<p class=\"has-white-color has-black-background-color has-text-color has-background\">este mi texto&#8230;<\/p>\n<\/div>\n<\/div>\n\n\n\n<p><\/p>\n","protected":false},"excerpt":{"rendered":"<p>\u00bfQui\u00e9nes somos?Somos un tour operador que ofrece servicios tur\u00edsticos dentro del territorio peruano desde el a\u00f1o 2011, compartiendo nuestra cultura e historia, y brindando experiencias inolvidables a nuestros pasajeros quienes se llevan un pedacito de nosotros a sus hogares. D\u00eda a d\u00eda trabajamos arduamente y creamos experiencias que logren cumplir y superar las expectativas de [&hellip;]<\/p>\n","protected":false},"author":8,"featured_media":0,"parent":0,"menu_order":0,"comment_status":"closed","ping_status":"closed","template":"temp-about.php","meta":{"_joinchat":[],"footnotes":""},"class_list":["post-61","page","type-page","status-publish","hentry"],"acf":[],"_links":{"self":[{"href":"https:\/\/peruvianshades.com\/en\/wp-json\/wp\/v2\/pages\/61","targetHints":{"allow":["GET"]}}],"collection":[{"href":"https:\/\/peruvianshades.com\/en\/wp-json\/wp\/v2\/pages"}],"about":[{"href":"https:\/\/peruvianshades.com\/en\/wp-json\/wp\/v2\/types\/page"}],"author":[{"embeddable":true,"href":"https:\/\/peruvianshades.com\/en\/wp-json\/wp\/v2\/users\/8"}],"replies":[{"embeddable":true,"href":"https:\/\/peruvianshades.com\/en\/wp-json\/wp\/v2\/comments?post=61"}],"version-history":[{"count":24,"href":"https:\/\/peruvianshades.com\/en\/wp-json\/wp\/v2\/pages\/61\/revisions"}],"predecessor-version":[{"id":821,"href":"https:\/\/peruvianshades.com\/en\/wp-json\/wp\/v2\/pages\/61\/revisions\/821"}],"wp:attachment":[{"href":"https:\/\/peruvianshades.com\/en\/wp-json\/wp\/v2\/media?parent=61"}],"curies":[{"name":"wp","href":"https:\/\/api.w.org\/{rel}","templated":true}]}}