{"id":73,"date":"2020-10-06T18:25:45","date_gmt":"2020-10-06T18:25:45","guid":{"rendered":"https:\/\/peruvianshades.com\/?page_id=73"},"modified":"2021-02-12T22:11:15","modified_gmt":"2021-02-12T22:11:15","slug":"politica-de-privacidad","status":"publish","type":"page","link":"https:\/\/peruvianshades.com\/en\/privacy-policy\/","title":{"rendered":"Privacy Policy"},"content":{"rendered":"\r\n<div class=\"wp-block-columns is-layout-flex wp-container-core-columns-is-layout-9d6595d7 wp-block-columns-is-layout-flex\">\r\n<div class=\"wp-block-column is-layout-flow wp-block-column-is-layout-flow\">\r\n<p><strong>POL\u00cdTICA DE PRIVACIDAD<\/strong><\/p>\r\n\r\n\r\n\r\n<p><strong><br \/>I. ALCANCE<br \/><\/strong>La presente \u201cPol\u00edtica de Privacidad\u201d se aplica a toda actividad de tratamiento de datos personales realizada por parte de PERUVIAN SHADES E.I.R.L. (en adelante \u201cPeruvian Shades\u201d) con RUC 20544226011. Ser\u00e1 tambi\u00e9n de aplicaci\u00f3n para aquellas personas o empresas a las que Peruvian Shades requiera el tratamiento de datos personales de los cuales sea<br \/>responsable.<\/p>\r\n\r\n\r\n\r\n<p><br \/><strong>II. INFORMACION GENERAL<\/strong><br \/>Peruvian Shades es un operador de turismo que brinda servicios tur\u00edsticos en el interior del pa\u00eds, as\u00ed mismo, tambi\u00e9n trabaja como intermediario entre otros operadores nacionales e internacionales.<br \/>Peruvian Shades cumple con el tratamiento de datos personales de acuerdo con lo dispuesto en la Ley 29733 \u2013 Ley de Protecci\u00f3n de Datos Personales, su Reglamento, aprobado por Decreto Supremo 003-2013-JUS, y sus normas complementarias y modificatorias (todas \u00e9stas en adelante definidas como la \u201cNormativa de Protecci\u00f3n de Datos Personales\u201d). Los datos personales cuyo tratamiento realizamos son almacenados en bancos de datos personales de titularidad de Peruvian Shades, debidamente inscritos ante la Autoridad de Protecci\u00f3n de Datos Personales:<\/p>\r\n\r\n\r\n\r\n<p><br \/>Banco de datos \u201cClientes\u201d con el c\u00f3digo RNPDP-PJP N.\u00b0 xxxx<br \/>Banco de datos \u201cUsuarios de P\u00e1gina Web\u201d con el c\u00f3digo RNPDP-PJP N.\u00b0 xxxx<br \/>Banco de datos \u201cProspectos de Clientes\u201d con el c\u00f3digo RNPDP-PJP N.\u00b0 xxxx<br \/>Banco de datos \u201cQuejas y Reclamos\u201d con el c\u00f3digo RNPDP-PJP N.\u00b0 xxxx<br \/>Banco de Datos \u201cRecursos Humanos\u201d con el c\u00f3digo RNPDP-PJP N.\u00b0 xxxx<br \/>Banco de Datos \u201cProveedores\u201d con el c\u00f3digo RNPDP-PJP N.\u00b0 xxxx<\/p>\r\n\r\n\r\n\r\n<p><br \/><strong>III. OBJETIVO<br \/><\/strong>El objeto de este documento es dar a conocer a los pasajeros y usuarios nuestro compromiso con la protecci\u00f3n de datos personales, al igual que los lineamientos bajo los cuales son tratados durante el ejercicio de nuestras actividades comerciales, su fin y los procedimientos para que los titulares de los mismos puedan ejercer los derechos de acceso, rectificaci\u00f3n, cancelaci\u00f3n y oposici\u00f3n previstos en la Normativa de Protecci\u00f3n de Datos Personales.<\/p>\r\n\r\n\r\n\r\n<p><strong>IV. PRINCIPIOS RECTORES<br \/><\/strong>Peruvian Shades se compromete a respetar los principios rectores establecidos en la Normativa de Protecci\u00f3n de Datos Personales. Estos son: <strong>Principio de legalidad:<\/strong> El tratamiento de los datos personales se hace conforme a lo establecido en la ley, estando prohibida la recopilaci\u00f3n de los datos personales por medios fraudulentos, desleales o il\u00edcitos. <strong>Principio de consentimiento:<\/strong> Para el tratamiento de los datos personales debe mediar el consentimiento de su titular. <strong>Principio de finalidad:<\/strong> Los datos personales deben ser recopilados para una finalidad determinada, expl\u00edcita y l\u00edcita, y su tratamiento no debe extenderse a otra finalidad distinta a aquella para la cual fueron recopilados. <strong>Principio de proporcionalidad: <\/strong>El tratamiento de datos personales debe ser adecuado, relevante y no excesivo a la finalidad para la que estos hubiesen sido recopilados. <strong>Principio de calidad: <\/strong>Los datos personales que vayan a ser tratados deben ser veraces, exactos y, en la medida de lo posible, actualizados, necesarios, pertinentes y adecuados respecto de la finalidad para la que fueron recopilados. <strong>Principio de seguridad:<\/strong> El titular del banco de datos personales y el encargado de su tratamiento deben adoptar las medidas t\u00e9cnicas, organizativas y legales necesarias para garantizar la seguridad de los datos personales. <strong>Principio de disposici\u00f3n de recurso:<\/strong> El titular de datos personales debe contar con las v\u00edas administrativas o jurisdiccionales necesarias para reclamar y hacer valer sus derechos, cuando estos sean vulnerados por el tratamiento de sus datos personales. <strong>Principio de nivel de protecci\u00f3n adecuado: <\/strong>Para el flujo transfronterizo de datos personales, se debe garantizar un nivel suficiente de protecci\u00f3n para los datos personales que se vayan a tratar o, por lo menos, equiparable a lo previsto por la Ley de Protecci\u00f3n de Datos Personales o por los est\u00e1ndares internacionales en la materia.<\/p>\r\n\r\n\r\n\r\n<p><strong>V. FINALIDAD DEL TRATAMIENTO DE LOS DATOS PERSONALES<\/strong><br \/>Peruvian Shades realiza tratamiento de datos personales de trabajadores, clientes y potenciales clientes, proveedores y de todas aquellas personas que hagan uso de nuestros medios digitales y\/o tienen alguna relaci\u00f3n jur\u00eddica o comercial con nuestra empresa, con la finalidad de cumplir con la legislaci\u00f3n vigente, ejecutar la relaci\u00f3n jur\u00eddica que los titulares de los datos personales mantengan con nuestra empresa, as\u00ed como resguardar la seguridad de nuestros clientes y trabajadores.<\/p>\r\n\r\n\r\n\r\n<p><br \/>El tratamiento de datos personales para cualquier otra finalidad l\u00edcita distinta a las antes mencionadas es debidamente informada a los dichos titulares de datos personales, requiri\u00e9ndoles una autorizaci\u00f3n espec\u00edfica.<\/p>\r\n\r\n\r\n\r\n<p><strong>VI. TRATAMIENTO POR ENCARGO<br \/><\/strong>Peruvian Shades puede encargar todo o parte del tratamiento de datos personales de los cuales es responsable del tratamiento o que forman parte de los bancos de datos personales de los cuales es titular, a proveedores leg\u00edtimos para el cumplimiento de sus actividades empresariales, que se encuentren en el Per\u00fa o en el extranjero.<\/p>\r\n\r\n\r\n\r\n<p><br \/><strong>VII. CONSENTIMIENTO<br \/><\/strong>Peruvian Shades requerir\u00e1 del consentimiento libre, previo, expreso, inequ\u00edvoco e informado del titular de los datos personales para el tratamiento de los mismos, salvo en los casos de excepci\u00f3n expresamente establecidos por Ley 29733 en el art\u00edculo 14. Peruvian Shades no requerir\u00e1 consentimiento para tratar sus datos personales obtenidos de fuentes accesibles al p\u00fablico, gratuitas o no; as\u00ed mismo, podr\u00e1 tratar sus datos personales o de fuentes no p\u00fablicas, siempre que dichas fuentes cuenten con su consentimiento para tratar y transferir dichos datos personales.<\/p>\r\n\r\n\r\n\r\n<p><strong>VIII. TRANSFERENCIA DE DATOS PERSONALES<br \/><\/strong>Para Peruvian Shades toda transferencia de datos personales requiere el consentimiento de su titular, salvo las excepciones previstas en el art\u00edculo 14 de la Ley y debe limitarse a la finalidad que la justifique.<\/p>\r\n\r\n\r\n\r\n<p><strong>IX. DERECHOS DE LOS TITULARES<br \/><\/strong>De acuerdo con la Ley, los titulares de datos personales tienen los siguientes derechos:<\/p>\r\n\r\n\r\n\r\n<ol class=\"wp-block-list\">\r\n<li><strong>Derecho de Acceso e informaci\u00f3n:<br \/><\/strong>El titular de datos personales tiene derecho a obtener la informaci\u00f3n que sobre s\u00ed mismo sea objeto de tratamiento en bancos de datos de titularidad de Peruvian Shades.<\/li>\r\n<\/ol>\r\n\r\n\r\n\r\n<ol class=\"wp-block-list\" start=\"2\">\r\n<li><strong>Derecho de rectificaci\u00f3n, actualizaci\u00f3n e inclusi\u00f3n:<br \/><\/strong>El titular de datos personales tiene derecho a la actualizaci\u00f3n, inclusi\u00f3n y rectificaci\u00f3n de sus datos personales materia de tratamiento por parte de Peruvian Shades cuando estos sean parcial o totalmente inexactos, incompletos o cuando se hubiere advertido omisi\u00f3n, error o falsedad.<\/li>\r\n<li><strong>Derecho de Cancelaci\u00f3n o Supresi\u00f3n:<br \/><\/strong>El titular de datos personales podr\u00e1 solicitar la cancelaci\u00f3n o supresi\u00f3n de sus datos personales no relacionados o necesarios para la ejecuci\u00f3n de las obligaciones de cargo de Peruvian Shades previstas en los contratos suscritos o las dispuestas por la normativa vigente.<\/li>\r\n<li><strong>Derecho de Oposici\u00f3n:<br \/><\/strong>El titular de datos personales puede oponerse al tratamiento de sus datos personales en cualquier momento. La oposici\u00f3n proceder\u00e1 en la medida que el tratamiento no tenga justificaci\u00f3n contractual o legal.<br \/><strong>X. PROCEDIMIENTO PARA EL EJERCICIO DE LOS DERECHOS DEL TITULAR DE LOS DATOS<\/strong> <strong>PERSONALES<\/strong><br \/>Los Titulares podr\u00e1n revocar su consentimiento o ejercer sus derechos de Ley, contact\u00e1ndose al correo customerservice@peruvianshades.com indicando su nombre completo y DNI, adjuntando los formularios del Anexo con los datos solicitados en ellos. En caso que el titular del dato personal requiera ejercer sus derechos mediante un representante, \u00e9ste deber\u00e1 enviar una carta poder legalizada por notario p\u00fablico que lo faculte como tal y su documento de identidad.<\/li>\r\n<\/ol>\r\n\r\n\r\n\r\n<p><strong>XI. PLAZO DEL TRATAMIENTO DE DATOS PERSONALES<br \/><\/strong>Los datos personales tratados por Peruvian Shades ser\u00e1n almacenados indeterminadamente, sin perjuicio de que el titular de los datos pueda ejercer en cualquier momento los derechos mencionados en el numeral IX de esta pol\u00edtica.<\/p>\r\n\r\n\r\n\r\n<p><strong>XII. SEGURIDAD DE LOS DATOS PERSONALES<br \/><\/strong>En cumplimiento de la normativa vigente, Peruvian Shades adopta las medidas jur\u00eddicas, organizativas y t\u00e9cnicas apropiadas para garantizar la seguridad de los datos personales, evitando su alteraci\u00f3n, p\u00e9rdida, tratamiento indebido o acceso no autorizado. Para este prop\u00f3sito, pone a disposici\u00f3n todos los recursos humanos y tecnol\u00f3gicos necesarios, aplic\u00e1ndolos en proporci\u00f3n a la naturaleza de los datos almacenados y los riesgos a los que se encuentran expuestos. Peruvian Shades s\u00f3lo realizar\u00e1 tratamiento sobre datos personales que est\u00e9n almacenados en repositorios que re\u00fanan las condiciones de seguridad exigidas por la normativa vigente en protecci\u00f3n de datos personales.<\/p>\r\n\r\n\r\n\r\n<p><strong>XII. MODIFICACIONES<br \/><\/strong>La presente Pol\u00edtica fue actualizada el 04 de setiembre del 2020 y podr\u00e1 ser modificada por Peruvian Shades. De producirse cualquier cambio o modificaci\u00f3n de la presente Pol\u00edtica ser\u00e1 publicado en nuestro portal web (www.peruvianshades.com) en la secci\u00f3n Pol\u00edticas de Privacidad.<\/p>\r\n<\/div>\r\n\r\n\r\n\r\n<div class=\"wp-block-column is-layout-flow wp-block-column-is-layout-flow\">\r\n<p>ANEXO I<\/p>\r\n\r\n\r\n\r\n<p><strong>SOLICITUD DEL DERECHO DE ACCESO<\/strong><\/p>\r\n\r\n\r\n\r\n<p>Con objeto de atender la solicitud de acceso a sus datos de car\u00e1cter personal tratados por Peruvian Shades E.I.R.L., le solicitamos sus datos identificativos, a fin de poder acreditar su identidad, tal y como establece la normativa vigente en materia de protecci\u00f3n de datos personales.<\/p>\r\n\r\n\r\n\r\n<p><br \/>DATOS DEL SOLICITANTE<\/p>\r\n\r\n\r\n\r\n<p><br \/>Yo, \u2026\u2026\u2026\u2026\u2026\u2026\u2026\u2026\u2026\u2026\u2026\u2026\u2026\u2026\u2026\u2026\u2026\u2026\u2026\u2026\u2026\u2026\u2026\u2026\u2026\u2026\u2026\u2026\u2026.. mayor de edad, con domicilio en<br \/>\u2026\u2026\u2026\u2026\u2026\u2026\u2026\u2026\u2026\u2026\u2026\u2026\u2026\u2026\u2026\u2026\u2026\u2026\u2026\u2026\u2026\u2026\u2026\u2026\u2026\u2026\u2026\u2026\u2026\u2026\u2026\u2026..,<br \/>Distrito\u2026\u2026\u2026\u2026\u2026\u2026\u2026\u2026\u2026\u2026\u2026\u2026\u2026\u2026\u2026 Provincia\u2026\u2026\u2026\u2026\u2026\u2026\u2026\u2026Pa\u00eds\u2026.\u2026\u2026\u2026\u2026, con Documento de Identidad\u2026\u2026\u2026\u2026\u2026\u2026\u2026\u2026., del que acompa\u00f1a fotocopia, por medio del presente escrito manifiesto mi deseo de ejercer mi derecho de acceso, de conformidad de la Ley 29733 del 2011 y su reglamento DS No. 003-2013-JUS de 2013, as\u00ed como del Reglamento General de Protecci\u00f3n de Datos GDPR (UE 2016\/679).<\/p>\r\n\r\n\r\n\r\n<p><br \/>SOLICITO<\/p>\r\n\r\n\r\n\r\n<p><br \/>Que de forma gratuita se facilite el acceso a los datos de car\u00e1cter personal de mi titularidad que se mantengan en los bancos de datos de Peruvian Shades E.I.R.L. Se acompa\u00f1a en la hoja anexa, una copia del Documento de Identidad a fin de acreditar mi identidad como titular. Que si la presente solicitud fuese aceptada, se remita por correo la informaci\u00f3n solicitada a la direcci\u00f3n arriba indicada o mi correo electr\u00f3nico\u2026\u2026\u2026\u2026\u2026\u2026\u2026\u2026.<\/p>\r\n\r\n\r\n\r\n<p><br \/>Que la informaci\u00f3n remitida comprenda de modo legible e inteligible los datos que sobre mi persona est\u00e9n incluidos en sus bancos de datos, y los resultantes de cualquier elaboraci\u00f3n, proceso o tratamiento, as\u00ed como el origen de los datos, los cesionarios y la especificaci\u00f3n de los concretos usos y finalidades para los que se almacenaron.<\/p>\r\n\r\n\r\n\r\n<p>Fecha \u2026\u2026\u2026\u2026\u2026de\u2026\u2026\u2026\u2026\u2026\u2026\u2026\u2026\u2026\u2026\u2026de 20\u2026\u2026 \u2026\u2026\u2026\u2026\u2026\u2026\u2026<\/p>\r\n\r\n\r\n\r\n<p>\u2026\u2026\u2026\u2026\u2026\u2026\u2026\u2026\u2026\u2026\u2026\u2026\u2026\u2026\u2026\u2026.<br \/>Firma Solicitante<br \/>Nombre:<br \/>DNI:<\/p>\r\n\r\n\r\n\r\n<p>SOLICITUD DEL DERECHO DE RECTIFICACION<\/p>\r\n\r\n\r\n\r\n<p>Con objeto de atender la solicitud de rectificaci\u00f3n de sus datos de car\u00e1cter personal tratados por Peruvian Shades E.I.R.L. le solicitamos sus datos identificativos, a fin de poder acreditar su identidad, tal y como establece la normativa vigente en materia de protecci\u00f3n de datos personales, as\u00ed como los datos que usted desea que rectifiquemos.<br \/>DATOS DEL SOLICITANTE<br \/>Yo, \u2026\u2026\u2026\u2026\u2026\u2026\u2026\u2026\u2026\u2026\u2026\u2026\u2026\u2026\u2026\u2026\u2026\u2026\u2026\u2026\u2026\u2026\u2026\u2026\u2026\u2026\u2026\u2026\u2026..mayor de edad, con domicilio en<br \/>\u2026\u2026\u2026\u2026\u2026\u2026\u2026\u2026\u2026\u2026\u2026\u2026\u2026\u2026\u2026\u2026\u2026\u2026\u2026\u2026\u2026\u2026\u2026\u2026\u2026\u2026\u2026\u2026\u2026\u2026\u2026\u2026..,<br \/>Distrito\u2026\u2026\u2026\u2026\u2026\u2026\u2026\u2026\u2026\u2026\u2026\u2026\u2026\u2026\u2026 Provincia\u2026\u2026\u2026\u2026\u2026\u2026\u2026, Pa\u00eds\u2026.\u2026\u2026\u2026\u2026, con Documento de Identidad del que acompa\u00f1a fotocopia, por medio del presente escrito manifiesta su deseo de ejercer su derecho de rectificaci\u00f3n, de conformidad de la Ley 29733 del 2011 y su reglamento DS No. 003-2013-JUS de 2013, as\u00ed como del Reglamento General de Protecci\u00f3n de Datos GDPR (UE 2016\/679).<br \/>SOLICITA<br \/>Que se efect\u00fae, de forma gratuita, la correcci\u00f3n de los datos de car\u00e1cter personal inexactos, relativos a mi persona que se mantengan almacenados en los bancos de datos de Peruvian Shades E.I.R.L.<br \/>Se acompa\u00f1a en la hoja anexa, los datos que deben rectificarse adem\u00e1s de la copia de los documentos que acreditan, en caso de ser necesario, la veracidad de los nuevos datos. Se acompa\u00f1a en la hoja anexa, una copia del Documento de Identidad a fin de acreditar mi identidad como titular.<br \/>Que se remita de forma escrita por correo a la direcci\u00f3n arriba indicada o mi correo electr\u00f3nico \u2026\u2026\u2026\u2026\u2026\u2026\u2026\u2026\u2026\u2026\u2026\u2026\u2026\u2026\u2026\u2026\u2026\u2026\u2026\u2026\u2026.., la rectificaci\u00f3n de los datos una vez realizada, o en su caso, si se considera la no pertinencia del ejercicio de este derecho, se remita de forma motivada una comunicaci\u00f3n a la misma direcci\u00f3n, a fin de poder interponer la reclamaci\u00f3n prevista en la normativa.<\/p>\r\n\r\n\r\n\r\n<p>Fecha \u2026\u2026\u2026\u2026\u2026de\u2026\u2026\u2026\u2026\u2026\u2026\u2026\u2026\u2026\u2026\u2026de 20\u2026\u2026<\/p>\r\n\r\n\r\n\r\n<p>\u2026\u2026\u2026\u2026\u2026\u2026\u2026\u2026\u2026\u2026\u2026\u2026\u2026\u2026\u2026\u2026\u2026\u2026\u2026\u2026\u2026\u2026\u2026..<br \/>Firma Solicitante<br \/>Nombre:<br \/>DNI:<\/p>\r\n\r\n\r\n\r\n<p><strong>SOLICITUD DEL DERECHO DE RECTIFICACION<\/strong><\/p>\r\n\r\n\r\n\r\n<p>Con objeto de atender la solicitud de rectificaci\u00f3n de sus datos de car\u00e1cter personal tratados por Peruvian Shades E.I.R.L. le solicitamos sus datos identificativos, a fin de poder acreditar su identidad, tal y como establece la normativa vigente en materia de protecci\u00f3n de datos personales, as\u00ed como los datos que usted desea que rectifiquemos.<\/p>\r\n\r\n\r\n\r\n<p><br \/>DATOS DEL SOLICITANTE<\/p>\r\n\r\n\r\n\r\n<p><br \/>Yo, \u2026\u2026\u2026\u2026\u2026\u2026\u2026\u2026\u2026\u2026\u2026\u2026\u2026\u2026\u2026\u2026\u2026\u2026\u2026\u2026\u2026\u2026\u2026\u2026\u2026\u2026\u2026\u2026\u2026..mayor de edad, con domicilio en \u2026\u2026\u2026\u2026\u2026\u2026\u2026\u2026\u2026\u2026\u2026\u2026\u2026\u2026\u2026\u2026\u2026\u2026\u2026\u2026\u2026\u2026\u2026\u2026\u2026\u2026\u2026\u2026\u2026\u2026\u2026\u2026..,<br \/>Distrito\u2026\u2026\u2026\u2026\u2026\u2026\u2026\u2026\u2026\u2026\u2026\u2026\u2026\u2026\u2026 Provincia\u2026\u2026\u2026\u2026\u2026\u2026\u2026, Pa\u00eds\u2026.\u2026\u2026\u2026\u2026, con Documento de Identidad del que acompa\u00f1a fotocopia, por medio del presente escrito manifiesta su deseo de ejercer su derecho de rectificaci\u00f3n, de conformidad de la Ley 29733 del 2011 y su reglamento DS No. 003-2013-JUS de 2013, as\u00ed como del Reglamento General de Protecci\u00f3n de Datos GDPR (UE 2016\/679).<\/p>\r\n\r\n\r\n\r\n<p><br \/>SOLICITA<br \/>Que se efect\u00fae, de forma gratuita, la correcci\u00f3n de los datos de car\u00e1cter personal inexactos, relativos a mi persona que se mantengan almacenados en los bancos de datos de Peruvian Shades E.I.R.L.<\/p>\r\n\r\n\r\n\r\n<p><br \/>Se acompa\u00f1a en la hoja anexa, los datos que deben rectificarse adem\u00e1s de la copia de los documentos que acreditan, en caso de ser necesario, la veracidad de los nuevos datos. Se acompa\u00f1a en la hoja anexa, una copia del Documento de Identidad a fin de acreditar mi identidad como titular.<\/p>\r\n\r\n\r\n\r\n<p>Que se remita de forma escrita por correo a la direcci\u00f3n arriba indicada o mi correo electr\u00f3nico \u2026\u2026\u2026\u2026\u2026\u2026\u2026\u2026\u2026\u2026\u2026\u2026\u2026\u2026\u2026\u2026\u2026\u2026\u2026\u2026\u2026.., la rectificaci\u00f3n de los datos una vez realizada, o en su caso, si se considera la no pertinencia del ejercicio de este derecho, se remita de forma motivada una comunicaci\u00f3n a la misma direcci\u00f3n, a fin de poder interponer la reclamaci\u00f3n prevista en la normativa.<\/p>\r\n\r\n\r\n\r\n<p>Fecha \u2026\u2026\u2026\u2026\u2026de\u2026\u2026\u2026\u2026\u2026\u2026\u2026\u2026\u2026\u2026\u2026de 20\u2026\u2026<\/p>\r\n\r\n\r\n\r\n<p>\u2026\u2026\u2026\u2026\u2026\u2026\u2026\u2026\u2026\u2026\u2026\u2026\u2026\u2026\u2026\u2026\u2026\u2026\u2026<br \/>Firma Solicitante<br \/>Nombre:<br \/>DNI:<\/p>\r\n\r\n\r\n\r\n<p><strong>SOLICITUD DEL DERECHO DE CANCELACION<\/strong><\/p>\r\n\r\n\r\n\r\n<p>Con objeto de atender la solicitud de cancelaci\u00f3n a sus datos de car\u00e1cter personal tratados por Peruvian Shades E.I.R.L, le solicitamos sus datos identificativos, a fin de poder acreditar su identidad, tal y como establece la normativa vigente en materia de protecci\u00f3n de datos personales, as\u00ed como los datos que usted desea que cancelemos.<\/p>\r\n\r\n\r\n\r\n<p><br \/>DATOS DEL SOLICITANTE<\/p>\r\n\r\n\r\n\r\n<p><br \/>Yo, \u2026\u2026\u2026\u2026\u2026\u2026\u2026\u2026\u2026\u2026\u2026\u2026\u2026\u2026\u2026\u2026\u2026\u2026\u2026\u2026\u2026\u2026\u2026\u2026\u2026\u2026\u2026\u2026\u2026..mayor de edad, con domicilio en \u2026\u2026\u2026\u2026\u2026\u2026\u2026\u2026\u2026\u2026\u2026\u2026\u2026\u2026\u2026\u2026\u2026\u2026\u2026\u2026\u2026\u2026\u2026\u2026\u2026\u2026\u2026\u2026\u2026\u2026\u2026\u2026..,<br \/>Distrito\u2026\u2026\u2026\u2026\u2026\u2026\u2026\u2026\u2026\u2026\u2026\u2026\u2026\u2026\u2026 Provincia\u2026\u2026\u2026\u2026\u2026\u2026\u2026, Pa\u00eds\u2026.\u2026\u2026\u2026\u2026, con Documento de Identidad, del que acompa\u00f1a fotocopia, por medio del presente escrito manifiesto mi deseo de ejercer mi derecho de cancelaci\u00f3n, de conformidad de la Ley 29733 del 2011 y su reglamento DS No. 003-2013-JUS de 2013, as\u00ed como del Reglamento General de Protecci\u00f3n de Datos GDPR (UE 2016\/679).<\/p>\r\n\r\n\r\n\r\n<p><br \/>SOLICITO<br \/>Se proceda a la efectiva cancelaci\u00f3n de cualesquiera datos relativos a mi persona se mantengan almacenados en los bancos de datos de Peruvian Shades E.I.R.L., en los t\u00e9rminos previstos en la normativa nacional e internacional, de forma gratuita.<\/p>\r\n\r\n\r\n\r\n<p><br \/>Que se remita de forma escrita, a la direcci\u00f3n arriba indicada o a mi correo electr\u00f3nico \u2026\u2026\u2026\u2026\u2026\u2026\u2026\u2026\u2026\u2026\u2026\u2026\u2026\u2026\u2026\u2026\u2026\u2026\u2026\u2026\u2026\u2026\u2026\u2026\u2026 la admisi\u00f3n de dicha cancelaci\u00f3n o en el caso de que no se considere la misma, se proceda a comunicarlo igualmente, de forma motivada y dentro del plazo ya indicado, a fin de poder interponer la reclamaci\u00f3n prevista en la normativa.<\/p>\r\n\r\n\r\n\r\n<p>Fecha\u2026\u2026\u2026\u2026\u2026de\u2026\u2026\u2026\u2026\u2026\u2026\u2026\u2026\u2026\u2026\u2026de 20\u2026\u2026<\/p>\r\n\r\n\r\n\r\n<p>\u2026\u2026\u2026\u2026\u2026\u2026\u2026\u2026\u2026\u2026\u2026\u2026\u2026\u2026\u2026\u2026\u2026\u2026\u2026<br \/>Firma Solicitante<br \/>Nombre:<br \/>DNI:<\/p>\r\n\r\n\r\n\r\n<p><strong>SOLICITUD DEL DERECHO DE OPOSICION<\/strong><\/p>\r\n\r\n\r\n\r\n<p>Con objeto de atender la solicitud de oposici\u00f3n de sus datos de car\u00e1cter personal tratados por Peruvian Shades E.I.R.L., le solicitamos sus datos identificativos, a fin de poder acreditar su identidad, tal y como establece la normativa vigente en materia de protecci\u00f3n de datos personales, as\u00ed como los tratamientos a los que desea oponerse.<\/p>\r\n\r\n\r\n\r\n<p><br \/>DATOS DEL SOLICITANTE<\/p>\r\n\r\n\r\n\r\n<p><br \/>Yo, \u2026\u2026\u2026\u2026\u2026\u2026\u2026\u2026\u2026\u2026\u2026\u2026\u2026\u2026\u2026\u2026\u2026\u2026\u2026\u2026\u2026\u2026\u2026\u2026\u2026\u2026\u2026\u2026\u2026.. mayor de edad, con domicilio en \u2026\u2026\u2026\u2026\u2026\u2026\u2026\u2026\u2026\u2026\u2026\u2026\u2026\u2026\u2026\u2026\u2026\u2026\u2026\u2026\u2026\u2026\u2026\u2026\u2026\u2026\u2026\u2026\u2026\u2026\u2026\u2026..,<br \/>Distrito\u2026\u2026\u2026\u2026\u2026\u2026\u2026\u2026\u2026\u2026\u2026\u2026\u2026\u2026\u2026 Provincia\u2026\u2026\u2026\u2026\u2026\u2026\u2026, Pa\u00eds\u2026.\u2026\u2026\u2026\u2026, con Documento de Identidad, del que acompa\u00f1a fotocopia, por medio del presente escrito manifiesto mi deseo de ejercer mi derecho de oposici\u00f3n, de conformidad de la Ley 29733 del 2011 y su reglamento DS No. 003-2013-JUS de 2013, as\u00ed como del Reglamento General de Protecci\u00f3n de Datos GDPR (UE 2016\/679).<\/p>\r\n\r\n\r\n\r\n<p><br \/>SOLICITO<br \/>De forma gratuita, que Peruvian Shades E.I.R.L. proceda a excluir mis datos de car\u00e1cter personal que mantenga almacenados en los bancos de datos de Peruvian Shades E.I.R.L.<br \/>A tal efecto, se acompa\u00f1an detallados los motivos por los que se procede a efectuar esta solicitud (en una hoja anexa a la solicitud).<\/p>\r\n\r\n\r\n\r\n<p><br \/>Que se remita de forma escrita, a la direcci\u00f3n arriba indicada la admisi\u00f3n de la oposici\u00f3n o en el caso de que no se considere la misma, se proceda a comunicarlo igualmente, de forma motivada y dentro del plazo ya indicado, a fin de poder interponer la reclamaci\u00f3n prevista en la normativa.<\/p>\r\n\r\n\r\n\r\n<p>Fecha\u2026\u2026\u2026\u2026\u2026de\u2026\u2026\u2026\u2026\u2026\u2026\u2026\u2026\u2026\u2026\u2026de 20\u2026\u2026<\/p>\r\n\r\n\r\n\r\n<p>\u2026\u2026\u2026\u2026\u2026\u2026\u2026\u2026\u2026\u2026\u2026\u2026\u2026\u2026\u2026\u2026\u2026\u2026\u2026\u2026\u2026\u2026\u2026..<br \/>Firma Solicitante<br \/>Nombre:<br \/>DNI:<\/p>\r\n\r\n\r\n\r\n<p>&nbsp;<\/p>\r\n<\/div>\r\n<\/div>\r\n\r\n<p>&nbsp;<\/p>\r\n\r\n<p>&nbsp;<\/p>\r\n","protected":false},"excerpt":{"rendered":"<p>POL\u00cdTICA DE PRIVACIDAD I. ALCANCELa presente \u201cPol\u00edtica de Privacidad\u201d se aplica a toda actividad de tratamiento de datos personales realizada por parte de PERUVIAN SHADES E.I.R.L. (en adelante \u201cPeruvian Shades\u201d) con RUC 20544226011. Ser\u00e1 tambi\u00e9n de aplicaci\u00f3n para aquellas personas o empresas a las que Peruvian Shades requiera el tratamiento de datos personales de los [&hellip;]<\/p>\n","protected":false},"author":8,"featured_media":0,"parent":0,"menu_order":0,"comment_status":"closed","ping_status":"closed","template":"temp-privacy.php","meta":{"_joinchat":[],"footnotes":""},"class_list":["post-73","page","type-page","status-publish","hentry"],"acf":[],"_links":{"self":[{"href":"https:\/\/peruvianshades.com\/en\/wp-json\/wp\/v2\/pages\/73","targetHints":{"allow":["GET"]}}],"collection":[{"href":"https:\/\/peruvianshades.com\/en\/wp-json\/wp\/v2\/pages"}],"about":[{"href":"https:\/\/peruvianshades.com\/en\/wp-json\/wp\/v2\/types\/page"}],"author":[{"embeddable":true,"href":"https:\/\/peruvianshades.com\/en\/wp-json\/wp\/v2\/users\/8"}],"replies":[{"embeddable":true,"href":"https:\/\/peruvianshades.com\/en\/wp-json\/wp\/v2\/comments?post=73"}],"version-history":[{"count":40,"href":"https:\/\/peruvianshades.com\/en\/wp-json\/wp\/v2\/pages\/73\/revisions"}],"predecessor-version":[{"id":922,"href":"https:\/\/peruvianshades.com\/en\/wp-json\/wp\/v2\/pages\/73\/revisions\/922"}],"wp:attachment":[{"href":"https:\/\/peruvianshades.com\/en\/wp-json\/wp\/v2\/media?parent=73"}],"curies":[{"name":"wp","href":"https:\/\/api.w.org\/{rel}","templated":true}]}}